{"id":159,"date":"2023-11-20T13:14:50","date_gmt":"2023-11-20T12:14:50","guid":{"rendered":"https:\/\/centrumfilip.dev.ethercloud.io\/?page_id=159"},"modified":"2026-01-21T11:44:32","modified_gmt":"2026-01-21T10:44:32","slug":"phdr-eva-vondrakova","status":"publish","type":"page","link":"https:\/\/centrumfilip.cz\/?page_id=159","title":{"rendered":"PhDr. Eva Vondr\u00e1kov\u00e1"},"content":{"rendered":"\t\t<div data-elementor-type=\"wp-page\" data-elementor-id=\"159\" class=\"elementor elementor-159\">\n\t\t\t\t<div class=\"elementor-element elementor-element-d8f0457 e-flex e-con-boxed e-con e-parent\" data-id=\"d8f0457\" data-element_type=\"container\">\n\t\t\t\t\t<div class=\"e-con-inner\">\n\t\t\t\t<div class=\"elementor-element elementor-element-e6c00ea elementor-widget elementor-widget-text-editor\" data-id=\"e6c00ea\" data-element_type=\"widget\" data-widget_type=\"text-editor.default\">\n\t\t\t\t<div class=\"elementor-widget-container\">\n\t\t\t\t\t\t\t\t\t<p>Psycholo\u017eka (FF UK Praha), spoluzakladatelka a p\u0159edsedkyn\u011b Spole\u010dnosti pro talent a nad\u00e1n\u00ed \/STaN\/, organiz\u00e1torka Klubu bystr\u00fdch a zv\u00eddav\u00fdch d\u011bt\u00ed, zakladatelka Klubu rodi\u010d\u016f STaN a Centra Filip.<\/p><p>Spolupracovala a PhDr. Hanou Dr\u00e1bkovou na zalo\u017een\u00ed \u010deskoslovensk\u00fdch pobo\u010dek ECHA<em>\u00a0 -European Council for High Ability, its study and development- <\/em>(nyn\u00ed STaN) a Mensa.<\/p><p>Autorka projektu Centra pro rozvoj nad\u00e1n\u00ed a spoluautorka projektu Mensa gymn\u00e1zia. Spoluautorka a autorka koncepc\u00ed vzd\u011bl\u00e1v\u00e1n\u00ed nadan\u00fdch pro M\u0160MT.<\/p><p>Praxe s cel\u00fdm v\u011bkov\u00fdm spektrem \u2013 od kojeneck\u00e9ho \u00fastavu, p\u0159es mate\u0159skou \u0161kolu, ped.psych. poradenstv\u00ed, \u0161koln\u00ed psycholog na Z\u0160 a G, v\u00fduka na V\u0160.<\/p><p>Jako studentka spolupracovala s\u00a0doc. J. Jir\u00e1skem na ov\u011b\u0159ov\u00e1n\u00ed Kernova testu \u0161koln\u00ed zralosti a sledov\u00e1n\u00ed pozd\u011bj\u0161\u00ed \u0161koln\u00ed \u00fasp\u011b\u0161nosti vy\u0161et\u0159en\u00fdch d\u011bt\u00ed.<\/p><p>St\u00e1\u017e u doc. Mat\u011bj\u010dka v\u00a0Thomayerov\u011b nemocnici 1983<\/p><p>St\u00e1\u017e v\u00a0CBO, univ. v\u00a0Nijmegen, 1995 (tehdy s\u00eddlo ECHA)<\/p><p>Ze zku\u0161enost\u00ed s \u0159e\u0161en\u00edm jednotliv\u00fdch p\u0159\u00edpad\u016f vyplynula pot\u0159eba vytvo\u0159en\u00ed funk\u010dn\u00edho syst\u00e9mu p\u00e9\u010de o nadan\u00e9.<\/p><p>Organizace Pracovn\u00edch dn\u016f a konferenc\u00ed k\u00a0p\u00e9\u010di o nadan\u00e9 (pro odborn\u00edky i rodi\u010de) a Klubu rodi\u010d\u016f (a u\u010ditel\u016f), s podporou m. \u010d. Praha 13.<\/p><p>Spolupr\u00e1ce s\u00a0v\u011bdeckou obc\u00ed a s\u00a0\u010dasopisem Vesm\u00edr<\/p><p>Odborn\u00fd garant programu pr\u00e1ce s\u00a0nadan\u00fdmi d\u011btmi ve t\u0159\u00edd\u011b Sovi\u010dky, M\u0160 Rozmar\u00fdnek, Praha 13 (So\u0148a Novotn\u00e1).<\/p><p>Vedouc\u00ed Pracovn\u00ed skupiny extern\u00edch odborn\u00edk\u016f na vzd\u011bl\u00e1v\u00e1n\u00ed nadan\u00fdch M\u0160MT 2012-13).<\/p><p>Od roku 1990 aktivn\u00ed \u00fa\u010dast na mezin\u00e1rodn\u00edch konferenc\u00edch a pracovn\u00edch jedn\u00e1n\u00edch o nadan\u00fdch (doposud v\u00edce ne\u017e 100 konferenc\u00ed a pracovn\u00edch setk\u00e1n\u00ed).<\/p><p>Opakovan\u011b pozv\u00e1na k\u00a0\u00fa\u010dasti na pracovn\u00edch setk\u00e1n\u00edch NATO \u2013 UNESCO k\u00a0p\u00e9\u010di o mlad\u00e9 talenty pro v\u011bdu (Ma\u010farsko), spolupr\u00e1ce s Evropsk\u00fdm centrem talentu Budape\u0161\u0165.<\/p><p>P\u0159edsedkyn\u011b organiza\u010dn\u00edho v\u00fdboru 19.bien\u00e1ln\u00ed konference Sv\u011btov\u00e9 rady pro nadan\u00e9 a talentovan\u00e9 d\u011bti Praha 2011, kter\u00e1 se konala poprv\u00e9 a doposud jedinkr\u00e1t v\u00a0postkomunistick\u00e9 zemi.<\/p><p>\u010clenka p\u0159\u00edpravn\u00e9ho v\u00fdboru 14. ECHA konference Ljubljana 2014<\/p><p>P\u0159edsedkyn\u011b Mezin\u00e1rodn\u00ed konference STaN \u201ePot\u0159eba zm\u011bny ve vzd\u011bl\u00e1v\u00e1n\u00ed nadan\u00fdch\u201c, Praha 2019, kter\u00e1 se konala ve spolupr\u00e1ci s\u00a0Nadac\u00ed RSJ a CBT travel<\/p><p>N\u00e1rodn\u00ed korespondent ECHA pro \u010cR a Slovensko<\/p><p>Deleg\u00e1t WCGTC<em> (World Council for Gifted and Talented Children)<\/em><\/p><p>\u010clenka HELP<em> (High European Learning Potential)<\/em><\/p><p>Spolupracuje je SMND<em> (\u0160kola pre mimoriadne nadan\u00e9 deti a gymn\u00e1zium, Bratislava),<\/em><\/p><p>ICIE <em>(International Centre for Innovation in Education)\u00a0 <\/em>a dal\u0161\u00edmi.<\/p><p>Autorka \u0159ady \u010dl\u00e1nk\u016f a kapitol o nadan\u00fdch. Zam\u011b\u0159ena p\u0159edev\u0161\u00edm na praxi, snaha \u0159e\u0161it i zat\u00edm ne\u0159e\u0161iteln\u00e9. Publikuje a p\u0159edn\u00e1\u0161\u00ed v\u00a0\u010cR i v\u00a0zahrani\u010d\u00ed.<\/p><p>Zejm\u00e9na zpo\u010d\u00e1tku (ale ob\u010das i nyn\u00ed) se setk\u00e1vala s\u00a0n\u00e1mitkami odp\u016frc\u016f, \u017ee p\u00e9\u010de o nadan\u00e9 je dle jejich m\u00edn\u011bn\u00ed nemor\u00e1ln\u00ed a s pou\u010den\u00edm, \u017ee o posti\u017een\u00e9 je t\u0159eba se starat. Abychom p\u0159ede\u0161li dal\u0161\u00edm podobn\u00fdm n\u00e1mitk\u00e1m uv\u00e1d\u00edme tak\u00e9 osobn\u00ed zku\u0161enosti s\u00a0pomoc\u00ed handicapovan\u00fdm.<\/p><p>Dlouhodob\u00e1 ka\u017edodenn\u00ed pomoc 2x v\u00fdjime\u010dn\u00e9 mlad\u0161\u00ed sest\u0159e, nyn\u00ed voz\u00ed\u010dk\u00e1\u0159ce (intelektov\u011b, hudebn\u011b a v\u00fdtvarn\u011b mimo\u0159\u00e1dn\u011b nadan\u00e9, t\u011blesn\u011b posti\u017een\u00e9 po d\u011btsk\u00e9 obrn\u011b), kterou od jej\u00ed 2.t\u0159\u00eddy do ukon\u010den\u00ed Z\u0160 (tedy od sv\u00e9 4.t\u0159\u00eddy) vozila v\u00a0ortopedick\u00e9m ko\u010d\u00e1\u0159e do \u0161koly. B\u011bhem studia psychologie pomoc t\u00e9m\u011b\u0159 nevidom\u00e9 spolu\u017ea\u010dce.<\/p><p>V\u00a0rodin\u011b samoz\u0159ejmost pomoci pot\u0159ebn\u00fdm a fand\u011bn\u00ed t\u011bm, kte\u0159\u00ed se sna\u017eili p\u0159ekon\u00e1vat p\u0159ek\u00e1\u017eky a nevzd\u00e1vat se.<\/p><p>I odtud poch\u00e1z\u00ed motivace pom\u00e1hat nadan\u00fdm realizovat jejich potenci\u00e1l, t\u0159eba i navzdory nep\u0159\u00edzniv\u00fdm podm\u00ednk\u00e1m.<\/p><p>\u017divotn\u00ed heslo: \u201eNever give up!\u201c<\/p><p>V sou\u010dasn\u00e9 dob\u011b spolupracuje s Luci\u00ed Korhelovou (FB \u201eMy dosp\u011bl\u00ed od nadan\u00fdch\u201c).<\/p><p>Pro STaN je tak\u00e9 velmi p\u0159\u00ednosn\u00e1 spolupr\u00e1ce s nadanou a motivovanou studentkou psychologie a speci\u00e1ln\u00ed pedagogiky, Terezou J\u00e1nskou.<\/p>\t\t\t\t\t\t\t\t<\/div>\n\t\t\t\t<\/div>\n\t\t\t\t\t<\/div>\n\t\t\t\t<\/div>\n\t\t\t\t<\/div>\n\t\t","protected":false},"excerpt":{"rendered":"<p>Psycholo\u017eka (FF UK Praha), spoluzakladatelka a p\u0159edsedkyn\u011b Spole\u010dnosti pro talent a nad\u00e1n\u00ed \/STaN\/, organiz\u00e1torka Klubu bystr\u00fdch a zv\u00eddav\u00fdch d\u011bt\u00ed, zakladatelka Klubu rodi\u010d\u016f STaN a Centra Filip. Spolupracovala a PhDr. Hanou Dr\u00e1bkovou na zalo\u017een\u00ed \u010deskoslovensk\u00fdch pobo\u010dek ECHA\u00a0 -European Council for High Ability, its study and development- (nyn\u00ed STaN) a Mensa. Autorka projektu Centra pro rozvoj nad\u00e1n\u00ed [&hellip;]<\/p>\n","protected":false},"author":2,"featured_media":0,"parent":0,"menu_order":0,"comment_status":"closed","ping_status":"closed","template":"","meta":{"footnotes":""},"class_list":["post-159","page","type-page","status-publish","hentry"],"_links":{"self":[{"href":"https:\/\/centrumfilip.cz\/index.php?rest_route=\/wp\/v2\/pages\/159","targetHints":{"allow":["GET"]}}],"collection":[{"href":"https:\/\/centrumfilip.cz\/index.php?rest_route=\/wp\/v2\/pages"}],"about":[{"href":"https:\/\/centrumfilip.cz\/index.php?rest_route=\/wp\/v2\/types\/page"}],"author":[{"embeddable":true,"href":"https:\/\/centrumfilip.cz\/index.php?rest_route=\/wp\/v2\/users\/2"}],"replies":[{"embeddable":true,"href":"https:\/\/centrumfilip.cz\/index.php?rest_route=%2Fwp%2Fv2%2Fcomments&post=159"}],"version-history":[{"count":13,"href":"https:\/\/centrumfilip.cz\/index.php?rest_route=\/wp\/v2\/pages\/159\/revisions"}],"predecessor-version":[{"id":208,"href":"https:\/\/centrumfilip.cz\/index.php?rest_route=\/wp\/v2\/pages\/159\/revisions\/208"}],"wp:attachment":[{"href":"https:\/\/centrumfilip.cz\/index.php?rest_route=%2Fwp%2Fv2%2Fmedia&parent=159"}],"curies":[{"name":"wp","href":"https:\/\/api.w.org\/{rel}","templated":true}]}}