{"id":101,"date":"2023-11-20T13:14:50","date_gmt":"2023-11-20T12:14:50","guid":{"rendered":"https:\/\/centrumfilip.dev.ethercloud.io\/?page_id=101"},"modified":"2026-01-20T23:16:55","modified_gmt":"2026-01-20T22:16:55","slug":"mgr-michaelda-truhlarova","status":"publish","type":"page","link":"https:\/\/centrumfilip.cz\/?page_id=101","title":{"rendered":"Mgr. Michaela Truhl\u00e1\u0159ov\u00e1"},"content":{"rendered":"\t\t<div data-elementor-type=\"wp-page\" data-elementor-id=\"101\" class=\"elementor elementor-101\">\n\t\t\t\t<div class=\"elementor-element elementor-element-d8f0457 e-flex e-con-boxed e-con e-parent\" data-id=\"d8f0457\" data-element_type=\"container\">\n\t\t\t\t\t<div class=\"e-con-inner\">\n\t\t\t\t<div class=\"elementor-element elementor-element-e6c00ea elementor-widget elementor-widget-text-editor\" data-id=\"e6c00ea\" data-element_type=\"widget\" data-widget_type=\"text-editor.default\">\n\t\t\t\t<div class=\"elementor-widget-container\">\n\t\t\t\t\t\t\t\t\t<p>Vystudovala u\u010ditelstv\u00ed pro mate\u0159sk\u00e9 \u0161koly na SPg\u0160 v&nbsp;Praze a speci\u00e1ln\u00ed pedagogiku &#8211; logopedii a surdopedii na Pedagogick\u00e9 fakult\u011b Univerzity Karlovy. Spolupracovala s&nbsp;Pedagogickou fakultou Univerzity Hradec Kr\u00e1lov\u00e9 na projektu Nadan\u00e9 d\u00edt\u011b a se spole\u010dnost\u00ed Newton Center na realizaci kurzu Pr\u00e1ce s&nbsp;nadan\u00fdmi a mimo\u0159\u00e1dn\u011b nadan\u00fdmi d\u011btmi a \u017e\u00e1ky. Od roku 2005 se v\u011bnuje problematice nadan\u00fdch. V sou\u010dasn\u00e9 dob\u011b se d\u00e1le vzd\u011bl\u00e1v\u00e1 v&nbsp;oboru speci\u00e1ln\u00ed pedagogiky, neuro-v\u00fdvojov\u00e9 stimulace, senzorick\u00e9 integrace a stimulace a rozvoji pohybov\u00fdch dovednost\u00ed u d\u011bt\u00ed a ml\u00e1de\u017ee.<\/p>\n<p>M\u00e1 certifik\u00e1ty a osv\u011bd\u010den\u00ed z&nbsp;n\u00e1sleduj\u00edc\u00edch kurz\u016f zam\u011b\u0159en\u00fdch na neuro-v\u00fdvojovou stimulaci a rozvoj pohybov\u00fdch dovednost\u00ed:<\/p>\n<p>\u00davodn\u00ed kurz Neuro-v\u00fdvojov\u00e9 stimulace (INVTS s.r.o.), 2\/2016<\/p>\n<p>Neuro-v\u00fdvojov\u00e1 stimulace ve \u0161koln\u00ed praxi (INVTS s.r.o.), 6\/2016<\/p>\n<p>Supervize: Neuro-v\u00fdvojov\u00e1 stimulace (INVTS s.r.o.), 4\/2018<\/p>\n<p>Test motoriky pro d\u011bti MABC-2 (PeadDr. Rudolf Psota, Ph.D., N\u00e1rodn\u00ed \u00fastav pro vzd\u011bl\u00e1v\u00e1n\u00ed), 11\/2019<\/p>\n<p>Cvi\u010ditel v\u0161estrannosti II. t\u0159\u00eddy (\u00dast\u0159edn\u00ed \u0161kola, \u010cOS), 3\/2020 XXVI.&nbsp;<\/p>\n<p>Medzin\u00e1rodn\u00e1 konferencia INPP, 5\/2021<\/p>\n<p>Senzomotorick\u00e9 funkce v&nbsp;d\u011btsk\u00e9m v\u011bku (prof. Pavel Kol\u00e1\u0159, \u010cOS), 7\/2021<\/p>\n<p>Instruktor gymnastiky (\u00dast\u0159edn\u00ed \u0161kola, \u010cOS), 2\/2022<\/p>\n<p>O\u010dn\u00ed pohyby a jejich dopad na p\u0159ed\u0161koln\u00ed a \u0161koln\u00ed vzd\u011bl\u00e1v\u00e1n\u00ed (Mgr. Andrea Ko\u0161\u0165\u00e1lov\u00e1 Ph.D, LsMS), 9\/2023<\/p>\n<p>Noha a jej\u00ed ploska (\u00dast\u0159edn\u00ed \u0161kola, \u010cOS)<\/p>\n<p>Cvi\u010den\u00ed podle Feldenkraise (\u00dast\u0159edn\u00ed \u0161kola, \u010cOS)<\/p>\n<p>Feldenkrais pro d\u011bti (\u00dast\u0159edn\u00ed \u0161kola, \u010cOS)<\/p>\n<p>Psychologie sportu a kou\u010dinku (\u00dast\u0159edn\u00ed \u0161kola, \u010cOS)<\/p>\n<p>A d\u00e1le:<\/p>\n<p>Pra\u017esk\u00fd logopedick\u00fd den 2023, 2017, 2016<\/p>\n<p>Kongres online o v\u00edcejazy\u010dn\u00e9 v\u00fdchov\u011b (Kate\u0159ina Spiess Vel\u010dovsk\u00e1) 9\/2025, 9\/2023, 3\/2023<\/p>\n<p>Kongres online \u2013 V\u00fdvoj \u0159e\u010di v&nbsp;souvislostech (Mgr. Petra Nejedl\u00e1), 5\/2025, 3\/2023<\/p>\n<p>Kongres online &#8211; Lep\u0161\u00ed zrak p\u0159irozenou cestou (Mgr. Martina Bajerov\u00e1) 2026, 2023, 2022<\/p>\n<p>Kongres online \u2013 Mozek a smysly \u2013 Snoezelen &nbsp;(eydis, s.r.o), 9\/2023<\/p>\n<p>M\u00edch\u00e1n\u00ed jazyk\u016f, chyby a \u0159e\u010dov\u00e9 prostoje: norm\u00e1ln\u00ed sou\u010d\u00e1st v\u00fdvoje nebo sign\u00e1l ke zm\u011bn\u011b? (Kate\u0159ina Spiess Vel\u010dovsk\u00e1) 1\/2026<\/p><p>Specifick\u00e9 poruchy u\u010den\u00ed, v\u00fdvojov\u00e1 dysf\u00e1zie a Aspergr\u016fv syndrom (Mgr. Denisa Pletichov\u00e1, eduall) 5\/2025&nbsp;<\/p><p>Jak motivovat d\u00edt\u011b s ADHD (Mgr. Mark\u00e9ta Librov\u00e1, eduall) 4\/2025<\/p><p>Mami, tati, vn\u00edm\u00e1m jinak (eydis, s.r.o)<\/p>\n<p>Kouzlo smyslov\u00e9 stimulace (eydis, s.r.o)<\/p>\n<p>Jak vytvo\u0159it senzorick\u00fd profil (eydis, s.r.o)<\/p>\n<p>Jak rozh\u00fdbat mozek (eydis, s.r.o)<\/p>\n<p>Cviky na propojov\u00e1n\u00ed mozkov\u00fdch hemisf\u00e9r a rozvoj kreativity (eydis, s.r.o)<\/p>\n<p>Jak pracovat s&nbsp;pozornost\u00ed (eydis, s.r.o)<\/p>\n<p>Tr\u00e9nink jazykov\u00fdch schopnost\u00ed podle Elkonina (Univerzita Karlova)<\/p>\n<p>Senzorick\u00e1 integrace v&nbsp;pedagogice a speci\u00e1ln\u00ed pedagogice \u2013 \u00favod do tematiky (3lobit, o.z.)<\/p>\n<p>D\u00edt\u011b v&nbsp;centru pozornosti ADHD, 2019 (Nakladatelstv\u00ed Dr. Josef Raabe, s.r.o.)<\/p>\n<p>Autismus, 15. Odborn\u00e9 setk\u00e1n\u00ed s MUDr. Franti\u0161kem Koukol\u00edkem (Ped.F. UK a \u010cesk\u00e1 pedagogick\u00e1 spole\u010dnost)<\/p>\n<p>Preventivn\u00ed opat\u0159en\u00ed v&nbsp;logopedii a p\u0159\u00edbuzn\u00fdch oborech (LsMS)<\/p>\n<p>Jak rozv\u00edjet p\u0159irozen\u00e9 schopnosti p\u0159ed\u0161koln\u00edch d\u011bt\u00ed (Mensa \u010cesk\u00e9 republiky)<\/p>\n<p>Od z\u00e1pisu do zah\u00e1jen\u00ed \u0161koln\u00ed doch\u00e1zky \u2013 logopedick\u00e1 konference (LsMS)<\/p>\n<p>Edukace \u017e\u00e1k\u016f s&nbsp;dyslexi\u00ed \u2013 p\u0159\u00edklady dobr\u00e9 praxe (\u010cesk\u00e1 spole\u010dnost Dyslexie)<\/p>\n<p>Sou\u010dasn\u00e1 rizika v\u00fdvoje \u0159e\u010di (Logopedick\u00e1 spole\u010dnost Milo\u0161e Sov\u00e1ka)<\/p>\n<p>Logopedie bez hranic (Logopedick\u00e1 spole\u010dnost Milo\u0161e Sov\u00e1ka)<\/p>\n<p>Stimula\u010dn\u00ed program pro p\u0159ed\u0161kol\u00e1ky a d\u011bti s&nbsp;odlo\u017eenou \u0161koln\u00ed doch\u00e1zkou \u2013 MAX\u00cdK ( PRODYS, o.s.)<\/p>\n<p>Rozv\u00edj\u00edme nad\u00e1n\u00ed: modern\u011b, kvalitn\u011b, kompetentn\u011b (Spole\u010dnost pro talent a nad\u00e1n\u00ed)<\/p>\n<ol start=\"19\">\n<li>sv\u011btov\u00e1 konference &#8211; Making a World of Difference for Gifted Children (Sv\u011btov\u00e1 rada pro nadan\u00e9 a talentov\u00e9 d\u011bti &#8211; The World Council for Gifted and Talented Children)<\/li>\n<\/ol>\t\t\t\t\t\t\t\t<\/div>\n\t\t\t\t<\/div>\n\t\t\t\t\t<\/div>\n\t\t\t\t<\/div>\n\t\t\t\t<\/div>\n\t\t","protected":false},"excerpt":{"rendered":"<p>Vystudovala u\u010ditelstv\u00ed pro mate\u0159sk\u00e9 \u0161koly na SPg\u0160 v&nbsp;Praze a speci\u00e1ln\u00ed pedagogiku &#8211; logopedii a surdopedii na Pedagogick\u00e9 fakult\u011b Univerzity Karlovy. Spolupracovala s&nbsp;Pedagogickou fakultou Univerzity Hradec Kr\u00e1lov\u00e9 na projektu Nadan\u00e9 d\u00edt\u011b a se spole\u010dnost\u00ed Newton Center na realizaci kurzu Pr\u00e1ce s&nbsp;nadan\u00fdmi a mimo\u0159\u00e1dn\u011b nadan\u00fdmi d\u011btmi a \u017e\u00e1ky. Od roku 2005 se v\u011bnuje problematice nadan\u00fdch. V sou\u010dasn\u00e9 [&hellip;]<\/p>\n","protected":false},"author":2,"featured_media":0,"parent":0,"menu_order":0,"comment_status":"closed","ping_status":"closed","template":"","meta":{"footnotes":""},"class_list":["post-101","page","type-page","status-publish","hentry"],"_links":{"self":[{"href":"https:\/\/centrumfilip.cz\/index.php?rest_route=\/wp\/v2\/pages\/101","targetHints":{"allow":["GET"]}}],"collection":[{"href":"https:\/\/centrumfilip.cz\/index.php?rest_route=\/wp\/v2\/pages"}],"about":[{"href":"https:\/\/centrumfilip.cz\/index.php?rest_route=\/wp\/v2\/types\/page"}],"author":[{"embeddable":true,"href":"https:\/\/centrumfilip.cz\/index.php?rest_route=\/wp\/v2\/users\/2"}],"replies":[{"embeddable":true,"href":"https:\/\/centrumfilip.cz\/index.php?rest_route=%2Fwp%2Fv2%2Fcomments&post=101"}],"version-history":[{"count":13,"href":"https:\/\/centrumfilip.cz\/index.php?rest_route=\/wp\/v2\/pages\/101\/revisions"}],"predecessor-version":[{"id":205,"href":"https:\/\/centrumfilip.cz\/index.php?rest_route=\/wp\/v2\/pages\/101\/revisions\/205"}],"wp:attachment":[{"href":"https:\/\/centrumfilip.cz\/index.php?rest_route=%2Fwp%2Fv2%2Fmedia&parent=101"}],"curies":[{"name":"wp","href":"https:\/\/api.w.org\/{rel}","templated":true}]}}